{"id":94,"date":"2024-07-14T14:24:32","date_gmt":"2024-07-14T12:24:32","guid":{"rendered":"https:\/\/udrugazdravidan.com\/?page_id=94"},"modified":"2025-04-29T09:02:26","modified_gmt":"2025-04-29T07:02:26","slug":"o-nama","status":"publish","type":"page","link":"https:\/\/udrugazdravidan.com\/?page_id=94","title":{"rendered":"O nama"},"content":{"rendered":"\n<div class=\"wp-block-jetpack-slideshow aligncenter\" data-effect=\"slide\"><div class=\"wp-block-jetpack-slideshow_container swiper-container\"><ul class=\"wp-block-jetpack-slideshow_swiper-wrapper swiper-wrapper\"><li class=\"wp-block-jetpack-slideshow_slide swiper-slide\"><figure><img loading=\"lazy\" decoding=\"async\" width=\"1024\" height=\"654\" alt=\"\" class=\"wp-block-jetpack-slideshow_image wp-image-317\" data-id=\"317\" src=\"https:\/\/udrugazdravidan.com\/wp-content\/uploads\/2024\/12\/Screenshot_20241031_143422_Facebook-1-1024x654.jpg\" srcset=\"https:\/\/udrugazdravidan.com\/wp-content\/uploads\/2024\/12\/Screenshot_20241031_143422_Facebook-1-1024x654.jpg 1024w, https:\/\/udrugazdravidan.com\/wp-content\/uploads\/2024\/12\/Screenshot_20241031_143422_Facebook-1-300x191.jpg 300w, https:\/\/udrugazdravidan.com\/wp-content\/uploads\/2024\/12\/Screenshot_20241031_143422_Facebook-1-768x490.jpg 768w, https:\/\/udrugazdravidan.com\/wp-content\/uploads\/2024\/12\/Screenshot_20241031_143422_Facebook-1-1536x980.jpg 1536w, https:\/\/udrugazdravidan.com\/wp-content\/uploads\/2024\/12\/Screenshot_20241031_143422_Facebook-1-2048x1307.jpg 2048w\" sizes=\"auto, (max-width: 1024px) 100vw, 1024px\" \/><\/figure><\/li><li class=\"wp-block-jetpack-slideshow_slide swiper-slide\"><figure><img loading=\"lazy\" decoding=\"async\" width=\"1024\" height=\"853\" alt=\"\" class=\"wp-block-jetpack-slideshow_image wp-image-384\" data-id=\"384\" src=\"https:\/\/udrugazdravidan.com\/wp-content\/uploads\/2025\/04\/IMG-20250209-WA0441-1-1024x853.jpg\" srcset=\"https:\/\/udrugazdravidan.com\/wp-content\/uploads\/2025\/04\/IMG-20250209-WA0441-1-1024x853.jpg 1024w, https:\/\/udrugazdravidan.com\/wp-content\/uploads\/2025\/04\/IMG-20250209-WA0441-1-300x250.jpg 300w, https:\/\/udrugazdravidan.com\/wp-content\/uploads\/2025\/04\/IMG-20250209-WA0441-1-768x640.jpg 768w, https:\/\/udrugazdravidan.com\/wp-content\/uploads\/2025\/04\/IMG-20250209-WA0441-1-1536x1279.jpg 1536w, https:\/\/udrugazdravidan.com\/wp-content\/uploads\/2025\/04\/IMG-20250209-WA0441-1.jpg 1640w\" sizes=\"auto, (max-width: 1024px) 100vw, 1024px\" \/><\/figure><\/li><\/ul><a class=\"wp-block-jetpack-slideshow_button-prev swiper-button-prev swiper-button-white\" role=\"button\"><\/a><a class=\"wp-block-jetpack-slideshow_button-next swiper-button-next swiper-button-white\" role=\"button\"><\/a><a aria-label=\"Pause Slideshow\" class=\"wp-block-jetpack-slideshow_button-pause\" role=\"button\"><\/a><div class=\"wp-block-jetpack-slideshow_pagination swiper-pagination swiper-pagination-white\"><\/div><\/div><\/div>\n\n\n\n<div class=\"wp-block-group alignfull has-contrast-light-background-color has-background has-global-padding is-layout-constrained wp-container-core-group-is-layout-b7d90ddb wp-block-group-is-layout-constrained\" style=\"margin-top:0;margin-bottom:0;padding-top:var(--wp--preset--spacing--superbspacing-xxlarge);padding-right:var(--wp--preset--spacing--superbspacing-small);padding-bottom:var(--wp--preset--spacing--superbspacing-xxlarge);padding-left:var(--wp--preset--spacing--superbspacing-small)\">\n<div class=\"wp-block-group alignwide has-global-padding is-layout-constrained wp-container-core-group-is-layout-edbb8dc7 wp-block-group-is-layout-constrained\">\n<p class=\"has-text-align-left\">Udruga Zdravi dan je <strong>neprofitna organizacija<\/strong> osnovana 2020. godine u gradu Solinu s ciljem smanjenja incidencije kroni\u010dnih nezaraznih bolesti i pobolj\u0161anja op\u0107e dobrobiti.<\/p>\n\n\n\n<p>Udrugu Zdravi dan \u010dini multidisciplinarni tim <strong>lije\u010dnika, ljekarnika, nutricionista, kineziologa, fizioterapeuta i psihologa<\/strong> koji se u svom svakodnevnom radu susre\u0107u sa \u0161to ve\u0107om potrebom za osvje\u0161tavanjem op\u0107e populacije o promjeni \u017eivotnih navika.<\/p>\n\n\n\n<p>Svi zajedno rade na stvaranju integriranih zdravstvenih programa prilago\u0111enih svakom pojedincu s ciljem pobolj\u0161anja njegovog sveop\u0107eg zdravlja.<\/p>\n\n\n\n<p>Svoje djelovanje Udruga temelji na rje\u0161avanju osnovnih uzroka kroni\u010dnih nezaraznih bolesti, odnosno<strong> <\/strong>promjeni \u017eivotnih navika koje uklju\u010duju<strong> tjelesnu aktivnost, pravilnu prehranu, kvalitetan san, upravljanje stresom, izbjegavanje \u0161tetnih navika i dru\u0161tvenu povezanost.<\/strong><\/p>\n<\/div>\n<\/div>\n\n\n\n<div class=\"wp-block-jetpack-slideshow\" data-effect=\"slide\"><div class=\"wp-block-jetpack-slideshow_container swiper-container\"><ul class=\"wp-block-jetpack-slideshow_swiper-wrapper swiper-wrapper\"><li class=\"wp-block-jetpack-slideshow_slide swiper-slide\"><figure><img loading=\"lazy\" decoding=\"async\" width=\"532\" height=\"361\" alt=\"\" class=\"wp-block-jetpack-slideshow_image wp-image-23\" data-id=\"23\" src=\"https:\/\/udrugazdravidan.com\/wp-content\/uploads\/2024\/07\/SDZ-LOGO.jpg\" srcset=\"https:\/\/udrugazdravidan.com\/wp-content\/uploads\/2024\/07\/SDZ-LOGO.jpg 532w, https:\/\/udrugazdravidan.com\/wp-content\/uploads\/2024\/07\/SDZ-LOGO-300x204.jpg 300w\" sizes=\"auto, (max-width: 532px) 100vw, 532px\" \/><\/figure><\/li><li class=\"wp-block-jetpack-slideshow_slide swiper-slide\"><figure><img loading=\"lazy\" decoding=\"async\" width=\"179\" height=\"216\" alt=\"\" class=\"wp-block-jetpack-slideshow_image wp-image-351\" data-id=\"351\" src=\"https:\/\/udrugazdravidan.com\/wp-content\/uploads\/2024\/12\/Solin_grb.gif\"\/><\/figure><\/li><li class=\"wp-block-jetpack-slideshow_slide swiper-slide\"><figure><img loading=\"lazy\" decoding=\"async\" width=\"945\" height=\"945\" alt=\"\" class=\"wp-block-jetpack-slideshow_image wp-image-293\" data-id=\"293\" src=\"https:\/\/udrugazdravidan.com\/wp-content\/uploads\/2024\/12\/trlja.jpg\" srcset=\"https:\/\/udrugazdravidan.com\/wp-content\/uploads\/2024\/12\/trlja.jpg 945w, https:\/\/udrugazdravidan.com\/wp-content\/uploads\/2024\/12\/trlja-300x300.jpg 300w, https:\/\/udrugazdravidan.com\/wp-content\/uploads\/2024\/12\/trlja-150x150.jpg 150w, https:\/\/udrugazdravidan.com\/wp-content\/uploads\/2024\/12\/trlja-768x768.jpg 768w\" sizes=\"auto, (max-width: 945px) 100vw, 945px\" \/><\/figure><\/li><li class=\"wp-block-jetpack-slideshow_slide swiper-slide\"><figure><img loading=\"lazy\" decoding=\"async\" width=\"216\" height=\"420\" alt=\"\" class=\"wp-block-jetpack-slideshow_image wp-image-302\" data-id=\"302\" src=\"https:\/\/udrugazdravidan.com\/wp-content\/uploads\/2024\/12\/hr-st-sn2.gif\"\/><\/figure><\/li><li class=\"wp-block-jetpack-slideshow_slide swiper-slide\"><figure><img loading=\"lazy\" decoding=\"async\" width=\"160\" height=\"216\" alt=\"\" class=\"wp-block-jetpack-slideshow_image wp-image-264\" data-id=\"264\" src=\"https:\/\/udrugazdravidan.com\/wp-content\/uploads\/2024\/12\/Okrug_grb.gif\"\/><figcaption class=\"wp-block-jetpack-slideshow_caption gallery-caption\">Op\u0107ina Okrug<\/figcaption><\/figure><\/li><li class=\"wp-block-jetpack-slideshow_slide swiper-slide\"><figure><img loading=\"lazy\" decoding=\"async\" width=\"993\" height=\"614\" alt=\"\" class=\"wp-block-jetpack-slideshow_image wp-image-297\" data-id=\"297\" src=\"https:\/\/udrugazdravidan.com\/wp-content\/uploads\/2024\/12\/Opcina-Klis-logo.png\" srcset=\"https:\/\/udrugazdravidan.com\/wp-content\/uploads\/2024\/12\/Opcina-Klis-logo.png 993w, https:\/\/udrugazdravidan.com\/wp-content\/uploads\/2024\/12\/Opcina-Klis-logo-300x185.png 300w, https:\/\/udrugazdravidan.com\/wp-content\/uploads\/2024\/12\/Opcina-Klis-logo-768x475.png 768w\" sizes=\"auto, (max-width: 993px) 100vw, 993px\" \/><\/figure><\/li><li class=\"wp-block-jetpack-slideshow_slide swiper-slide\"><figure><img loading=\"lazy\" decoding=\"async\" width=\"2482\" height=\"3508\" alt=\"\" class=\"wp-block-jetpack-slideshow_image wp-image-298\" data-id=\"298\" src=\"https:\/\/udrugazdravidan.com\/wp-content\/uploads\/2024\/12\/Logo-opcina-Marina.png\" srcset=\"https:\/\/udrugazdravidan.com\/wp-content\/uploads\/2024\/12\/Logo-opcina-Marina.png 2482w, https:\/\/udrugazdravidan.com\/wp-content\/uploads\/2024\/12\/Logo-opcina-Marina-212x300.png 212w, https:\/\/udrugazdravidan.com\/wp-content\/uploads\/2024\/12\/Logo-opcina-Marina-725x1024.png 725w, https:\/\/udrugazdravidan.com\/wp-content\/uploads\/2024\/12\/Logo-opcina-Marina-768x1085.png 768w, https:\/\/udrugazdravidan.com\/wp-content\/uploads\/2024\/12\/Logo-opcina-Marina-1087x1536.png 1087w, https:\/\/udrugazdravidan.com\/wp-content\/uploads\/2024\/12\/Logo-opcina-Marina-1449x2048.png 1449w\" sizes=\"auto, (max-width: 2482px) 100vw, 2482px\" \/><\/figure><\/li><li class=\"wp-block-jetpack-slideshow_slide swiper-slide\"><figure><img loading=\"lazy\" decoding=\"async\" width=\"2000\" height=\"760\" alt=\"\" class=\"wp-block-jetpack-slideshow_image wp-image-295\" data-id=\"295\" src=\"https:\/\/udrugazdravidan.com\/wp-content\/uploads\/2024\/12\/IMG-20240904-WA0142.jpg\" srcset=\"https:\/\/udrugazdravidan.com\/wp-content\/uploads\/2024\/12\/IMG-20240904-WA0142.jpg 2000w, https:\/\/udrugazdravidan.com\/wp-content\/uploads\/2024\/12\/IMG-20240904-WA0142-300x114.jpg 300w, https:\/\/udrugazdravidan.com\/wp-content\/uploads\/2024\/12\/IMG-20240904-WA0142-1024x389.jpg 1024w, https:\/\/udrugazdravidan.com\/wp-content\/uploads\/2024\/12\/IMG-20240904-WA0142-768x292.jpg 768w, https:\/\/udrugazdravidan.com\/wp-content\/uploads\/2024\/12\/IMG-20240904-WA0142-1536x584.jpg 1536w\" sizes=\"auto, (max-width: 2000px) 100vw, 2000px\" \/><\/figure><\/li><\/ul><a class=\"wp-block-jetpack-slideshow_button-prev swiper-button-prev swiper-button-white\" role=\"button\"><\/a><a class=\"wp-block-jetpack-slideshow_button-next swiper-button-next swiper-button-white\" role=\"button\"><\/a><a aria-label=\"Pause Slideshow\" class=\"wp-block-jetpack-slideshow_button-pause\" role=\"button\"><\/a><div class=\"wp-block-jetpack-slideshow_pagination swiper-pagination swiper-pagination-white\"><\/div><\/div><\/div>\n\n\n\n<div class=\"wp-block-group has-global-padding is-layout-constrained wp-block-group-is-layout-constrained\">\n<p class=\"has-text-align-center\"><strong>HVALA VAM NA POTPORI.<\/strong><\/p>\n\n\n\n<p><\/p>\n\n\n\n<div class=\"wp-block-jetpack-slideshow aligncenter\" data-effect=\"slide\"><div class=\"wp-block-jetpack-slideshow_container swiper-container\"><ul class=\"wp-block-jetpack-slideshow_swiper-wrapper swiper-wrapper\"><li class=\"wp-block-jetpack-slideshow_slide swiper-slide\"><figure><img loading=\"lazy\" decoding=\"async\" width=\"580\" height=\"580\" alt=\"\" class=\"wp-block-jetpack-slideshow_image wp-image-35\" data-id=\"35\" src=\"https:\/\/udrugazdravidan.com\/wp-content\/uploads\/2024\/07\/DOM-ZDRAVLJA-SDZ-LOGO.jpg\" srcset=\"https:\/\/udrugazdravidan.com\/wp-content\/uploads\/2024\/07\/DOM-ZDRAVLJA-SDZ-LOGO.jpg 580w, https:\/\/udrugazdravidan.com\/wp-content\/uploads\/2024\/07\/DOM-ZDRAVLJA-SDZ-LOGO-300x300.jpg 300w, https:\/\/udrugazdravidan.com\/wp-content\/uploads\/2024\/07\/DOM-ZDRAVLJA-SDZ-LOGO-150x150.jpg 150w\" sizes=\"auto, (max-width: 580px) 100vw, 580px\" \/><\/figure><\/li><li class=\"wp-block-jetpack-slideshow_slide swiper-slide\"><figure><img loading=\"lazy\" decoding=\"async\" width=\"225\" height=\"225\" alt=\"\" class=\"wp-block-jetpack-slideshow_image wp-image-265\" data-id=\"265\" src=\"https:\/\/udrugazdravidan.com\/wp-content\/uploads\/2024\/12\/solin-gdck.png\" srcset=\"https:\/\/udrugazdravidan.com\/wp-content\/uploads\/2024\/12\/solin-gdck.png 225w, https:\/\/udrugazdravidan.com\/wp-content\/uploads\/2024\/12\/solin-gdck-150x150.png 150w\" sizes=\"auto, (max-width: 225px) 100vw, 225px\" \/><\/figure><\/li><li class=\"wp-block-jetpack-slideshow_slide swiper-slide\"><figure><img loading=\"lazy\" decoding=\"async\" width=\"225\" height=\"225\" alt=\"\" class=\"wp-block-jetpack-slideshow_image wp-image-296\" data-id=\"296\" src=\"https:\/\/udrugazdravidan.com\/wp-content\/uploads\/2024\/12\/trogir.jpg\" srcset=\"https:\/\/udrugazdravidan.com\/wp-content\/uploads\/2024\/12\/trogir.jpg 225w, https:\/\/udrugazdravidan.com\/wp-content\/uploads\/2024\/12\/trogir-150x150.jpg 150w\" sizes=\"auto, (max-width: 225px) 100vw, 225px\" \/><\/figure><\/li><li class=\"wp-block-jetpack-slideshow_slide swiper-slide\"><figure><img loading=\"lazy\" decoding=\"async\" width=\"224\" height=\"224\" alt=\"\" class=\"wp-block-jetpack-slideshow_image wp-image-38\" data-id=\"38\" src=\"https:\/\/udrugazdravidan.com\/wp-content\/uploads\/2024\/07\/CROMSIC-ST-LOGO.jpg\" srcset=\"https:\/\/udrugazdravidan.com\/wp-content\/uploads\/2024\/07\/CROMSIC-ST-LOGO.jpg 224w, https:\/\/udrugazdravidan.com\/wp-content\/uploads\/2024\/07\/CROMSIC-ST-LOGO-150x150.jpg 150w\" sizes=\"auto, (max-width: 224px) 100vw, 224px\" \/><figcaption class=\"wp-block-jetpack-slideshow_caption gallery-caption\">Me\u0111unarodna udruga studenata medicine Hrvatska, podru\u017enica Split<\/figcaption><\/figure><\/li><li class=\"wp-block-jetpack-slideshow_slide swiper-slide\"><figure><img loading=\"lazy\" decoding=\"async\" width=\"512\" height=\"512\" alt=\"\" class=\"wp-block-jetpack-slideshow_image wp-image-39\" data-id=\"39\" src=\"https:\/\/udrugazdravidan.com\/wp-content\/uploads\/2024\/07\/ZS-SPLIT-LOGO.png\" srcset=\"https:\/\/udrugazdravidan.com\/wp-content\/uploads\/2024\/07\/ZS-SPLIT-LOGO.png 512w, https:\/\/udrugazdravidan.com\/wp-content\/uploads\/2024\/07\/ZS-SPLIT-LOGO-300x300.png 300w, https:\/\/udrugazdravidan.com\/wp-content\/uploads\/2024\/07\/ZS-SPLIT-LOGO-150x150.png 150w\" sizes=\"auto, (max-width: 512px) 100vw, 512px\" \/><\/figure><\/li><li class=\"wp-block-jetpack-slideshow_slide swiper-slide\"><figure><img loading=\"lazy\" decoding=\"async\" width=\"2000\" height=\"2000\" alt=\"\" class=\"wp-block-jetpack-slideshow_image wp-image-32\" data-id=\"32\" src=\"https:\/\/udrugazdravidan.com\/wp-content\/uploads\/2024\/07\/LIGA-LOGO.png\" srcset=\"https:\/\/udrugazdravidan.com\/wp-content\/uploads\/2024\/07\/LIGA-LOGO.png 2000w, https:\/\/udrugazdravidan.com\/wp-content\/uploads\/2024\/07\/LIGA-LOGO-300x300.png 300w, https:\/\/udrugazdravidan.com\/wp-content\/uploads\/2024\/07\/LIGA-LOGO-1024x1024.png 1024w, https:\/\/udrugazdravidan.com\/wp-content\/uploads\/2024\/07\/LIGA-LOGO-150x150.png 150w\" sizes=\"auto, (max-width: 2000px) 100vw, 2000px\" \/><\/figure><\/li><li class=\"wp-block-jetpack-slideshow_slide swiper-slide\"><figure><img loading=\"lazy\" decoding=\"async\" width=\"459\" height=\"78\" alt=\"\" class=\"wp-block-jetpack-slideshow_image wp-image-300\" data-id=\"300\" src=\"https:\/\/udrugazdravidan.com\/wp-content\/uploads\/2024\/12\/logo-tihi-ubojica.png\" srcset=\"https:\/\/udrugazdravidan.com\/wp-content\/uploads\/2024\/12\/logo-tihi-ubojica.png 459w, https:\/\/udrugazdravidan.com\/wp-content\/uploads\/2024\/12\/logo-tihi-ubojica-300x51.png 300w\" sizes=\"auto, (max-width: 459px) 100vw, 459px\" \/><\/figure><\/li><li class=\"wp-block-jetpack-slideshow_slide swiper-slide\"><figure><img loading=\"lazy\" decoding=\"async\" width=\"398\" height=\"398\" alt=\"\" class=\"wp-block-jetpack-slideshow_image wp-image-33\" data-id=\"33\" src=\"https:\/\/udrugazdravidan.com\/wp-content\/uploads\/2024\/07\/HUMZS-LOGO.jpg\" srcset=\"https:\/\/udrugazdravidan.com\/wp-content\/uploads\/2024\/07\/HUMZS-LOGO.jpg 398w, https:\/\/udrugazdravidan.com\/wp-content\/uploads\/2024\/07\/HUMZS-LOGO-300x300.jpg 300w, https:\/\/udrugazdravidan.com\/wp-content\/uploads\/2024\/07\/HUMZS-LOGO-150x150.jpg 150w\" sizes=\"auto, (max-width: 398px) 100vw, 398px\" \/><figcaption class=\"wp-block-jetpack-slideshow_caption gallery-caption\">Hrvatska udruga za medicinu \u017eivotnog stila<\/figcaption><\/figure><\/li><li class=\"wp-block-jetpack-slideshow_slide swiper-slide\"><figure><img loading=\"lazy\" decoding=\"async\" width=\"220\" height=\"220\" alt=\"\" class=\"wp-block-jetpack-slideshow_image wp-image-30\" data-id=\"30\" src=\"https:\/\/udrugazdravidan.com\/wp-content\/uploads\/2024\/07\/TZ-SOLIN-LOGO.jpg\" srcset=\"https:\/\/udrugazdravidan.com\/wp-content\/uploads\/2024\/07\/TZ-SOLIN-LOGO.jpg 220w, https:\/\/udrugazdravidan.com\/wp-content\/uploads\/2024\/07\/TZ-SOLIN-LOGO-150x150.jpg 150w\" sizes=\"auto, (max-width: 220px) 100vw, 220px\" \/><\/figure><\/li><li class=\"wp-block-jetpack-slideshow_slide swiper-slide\"><figure><img loading=\"lazy\" decoding=\"async\" width=\"180\" height=\"180\" alt=\"\" class=\"wp-block-jetpack-slideshow_image wp-image-24\" data-id=\"24\" src=\"https:\/\/udrugazdravidan.com\/wp-content\/uploads\/2024\/07\/CRO-GO-LOGO.jpg\" srcset=\"https:\/\/udrugazdravidan.com\/wp-content\/uploads\/2024\/07\/CRO-GO-LOGO.jpg 180w, https:\/\/udrugazdravidan.com\/wp-content\/uploads\/2024\/07\/CRO-GO-LOGO-150x150.jpg 150w\" sizes=\"auto, (max-width: 180px) 100vw, 180px\" \/><figcaption class=\"wp-block-jetpack-slideshow_caption gallery-caption\">Pekara Cro-Go<\/figcaption><\/figure><\/li><li class=\"wp-block-jetpack-slideshow_slide swiper-slide\"><figure><img loading=\"lazy\" decoding=\"async\" width=\"286\" height=\"176\" alt=\"\" class=\"wp-block-jetpack-slideshow_image wp-image-22\" data-id=\"22\" src=\"https:\/\/udrugazdravidan.com\/wp-content\/uploads\/2024\/07\/DV-CVRCAK-LOGO.png\"\/><\/figure><\/li><\/ul><a class=\"wp-block-jetpack-slideshow_button-prev swiper-button-prev swiper-button-white\" role=\"button\"><\/a><a class=\"wp-block-jetpack-slideshow_button-next swiper-button-next swiper-button-white\" role=\"button\"><\/a><a aria-label=\"Pause Slideshow\" class=\"wp-block-jetpack-slideshow_button-pause\" role=\"button\"><\/a><div class=\"wp-block-jetpack-slideshow_pagination swiper-pagination swiper-pagination-white\"><\/div><\/div><\/div>\n\n\n\n<p class=\"has-text-align-center\"><strong>NA\u0160I SURADNICI. <\/strong><\/p>\n<\/div>\n","protected":false},"excerpt":{"rendered":"<p>Udruga Zdravi dan je neprofitna organizacija osnovana 2020. godine u gradu Solinu s ciljem smanjenja incidencije kroni\u010dnih nezaraznih bolesti i pobolj\u0161anja op\u0107e dobrobiti. Udrugu Zdravi dan \u010dini multidisciplinarni tim lije\u010dnika, ljekarnika, nutricionista, kineziologa, fizioterapeuta i psihologa koji se u svom svakodnevnom radu susre\u0107u sa \u0161to ve\u0107om potrebom za osvje\u0161tavanjem op\u0107e populacije o promjeni \u017eivotnih navika. [&hellip;]<\/p>\n","protected":false},"author":1,"featured_media":0,"parent":0,"menu_order":0,"comment_status":"closed","ping_status":"closed","template":"","meta":{"footnotes":""},"class_list":["post-94","page","type-page","status-publish","hentry"],"jetpack_sharing_enabled":true,"_links":{"self":[{"href":"https:\/\/udrugazdravidan.com\/index.php?rest_route=\/wp\/v2\/pages\/94","targetHints":{"allow":["GET"]}}],"collection":[{"href":"https:\/\/udrugazdravidan.com\/index.php?rest_route=\/wp\/v2\/pages"}],"about":[{"href":"https:\/\/udrugazdravidan.com\/index.php?rest_route=\/wp\/v2\/types\/page"}],"author":[{"embeddable":true,"href":"https:\/\/udrugazdravidan.com\/index.php?rest_route=\/wp\/v2\/users\/1"}],"replies":[{"embeddable":true,"href":"https:\/\/udrugazdravidan.com\/index.php?rest_route=%2Fwp%2Fv2%2Fcomments&post=94"}],"version-history":[{"count":12,"href":"https:\/\/udrugazdravidan.com\/index.php?rest_route=\/wp\/v2\/pages\/94\/revisions"}],"predecessor-version":[{"id":385,"href":"https:\/\/udrugazdravidan.com\/index.php?rest_route=\/wp\/v2\/pages\/94\/revisions\/385"}],"wp:attachment":[{"href":"https:\/\/udrugazdravidan.com\/index.php?rest_route=%2Fwp%2Fv2%2Fmedia&parent=94"}],"curies":[{"name":"wp","href":"https:\/\/api.w.org\/{rel}","templated":true}]}}