{"id":9,"date":"2024-07-11T17:41:36","date_gmt":"2024-07-11T15:41:36","guid":{"rendered":"https:\/\/udrugazdravidan.com\/?page_id=9"},"modified":"2025-04-28T10:34:27","modified_gmt":"2025-04-28T08:34:27","slug":"about","status":"publish","type":"page","link":"https:\/\/udrugazdravidan.com\/?page_id=9","title":{"rendered":"Programi"},"content":{"rendered":"\n<div style=\"height:24px\" aria-hidden=\"true\" class=\"wp-block-spacer\"><\/div>\n\n\n\n<h2 class=\"wp-block-heading\">Javnozdravstvene akcije<\/h2>\n\n\n\n<p>Udruga redovito organizira javnozdravstvene akcije kojima obilje\u017eava <strong>Svjetski dan srca, Svjetski dan \u0161e\u0107erne bolesti, Svjetski dan debljine, Svjetski dan bubrega i Svjetski dan hipertenzije<\/strong>. Cilj je <strong>otkrivanje glavnih uzro\u010dnika kroni\u010dnih nezaraznih bolesti<\/strong>, odnosno povi\u0161enih vrijednosti \u0161e\u0107era i kolesterola u krvi, povi\u0161ene vrijednosti arterijskoga tlaka, pove\u0107anog udjela masnog tkiva i abdominalne pretilosti.<\/p>\n\n\n\n<p>Udruga je od 2021. godine \u010dlan Hrvatske lige za hipertenziju i dio nacionalnog programa <strong>\u201eLov na tihog ubojicu\u201c <\/strong>pa je svaka javnozdravstvena akcija ujedno i \u201elov\u201c na povi\u0161eni arterijski tlak. Udruga se posebno istaknula iste godine na <strong>projektu EHUH-2<\/strong> na kojem je okupila 180 gra\u0111ana grada Solina i Sinja kojima je obavljen cjelokupni sistematski pregled, na temelju \u010dega je dobila <strong>priznanje \u201eUdruga uzor\u201c<\/strong>.<\/p>\n\n\n\n<div class=\"wp-block-jetpack-slideshow\" data-effect=\"slide\"><div class=\"wp-block-jetpack-slideshow_container swiper-container\"><ul class=\"wp-block-jetpack-slideshow_swiper-wrapper swiper-wrapper\"><li class=\"wp-block-jetpack-slideshow_slide swiper-slide\"><figure><img loading=\"lazy\" decoding=\"async\" width=\"1024\" height=\"682\" alt=\"\" class=\"wp-block-jetpack-slideshow_image wp-image-50\" data-id=\"50\" src=\"https:\/\/udrugazdravidan.com\/wp-content\/uploads\/2024\/07\/WhatsApp-Image-2024-07-02-at-10.37.43-1-1024x682.jpeg\" srcset=\"https:\/\/udrugazdravidan.com\/wp-content\/uploads\/2024\/07\/WhatsApp-Image-2024-07-02-at-10.37.43-1-1024x682.jpeg 1024w, https:\/\/udrugazdravidan.com\/wp-content\/uploads\/2024\/07\/WhatsApp-Image-2024-07-02-at-10.37.43-1-300x200.jpeg 300w, https:\/\/udrugazdravidan.com\/wp-content\/uploads\/2024\/07\/WhatsApp-Image-2024-07-02-at-10.37.43-1.jpeg 1600w\" sizes=\"auto, (max-width: 1024px) 100vw, 1024px\" \/><\/figure><\/li><li class=\"wp-block-jetpack-slideshow_slide swiper-slide\"><figure><img loading=\"lazy\" decoding=\"async\" width=\"1024\" height=\"737\" alt=\"\" class=\"wp-block-jetpack-slideshow_image wp-image-48\" data-id=\"48\" src=\"https:\/\/udrugazdravidan.com\/wp-content\/uploads\/2024\/07\/WhatsApp-Image-2024-07-02-at-10.37.44-1024x737.jpeg\" srcset=\"https:\/\/udrugazdravidan.com\/wp-content\/uploads\/2024\/07\/WhatsApp-Image-2024-07-02-at-10.37.44-1024x737.jpeg 1024w, https:\/\/udrugazdravidan.com\/wp-content\/uploads\/2024\/07\/WhatsApp-Image-2024-07-02-at-10.37.44-300x216.jpeg 300w, https:\/\/udrugazdravidan.com\/wp-content\/uploads\/2024\/07\/WhatsApp-Image-2024-07-02-at-10.37.44.jpeg 1600w\" sizes=\"auto, (max-width: 1024px) 100vw, 1024px\" \/><\/figure><\/li><li class=\"wp-block-jetpack-slideshow_slide swiper-slide\"><figure><img loading=\"lazy\" decoding=\"async\" width=\"960\" height=\"641\" alt=\"\" class=\"wp-block-jetpack-slideshow_image wp-image-65\" data-id=\"65\" src=\"https:\/\/udrugazdravidan.com\/wp-content\/uploads\/2024\/07\/280726595_534050964976992_968983599806805793_n.jpg\" srcset=\"https:\/\/udrugazdravidan.com\/wp-content\/uploads\/2024\/07\/280726595_534050964976992_968983599806805793_n.jpg 960w, https:\/\/udrugazdravidan.com\/wp-content\/uploads\/2024\/07\/280726595_534050964976992_968983599806805793_n-300x200.jpg 300w, https:\/\/udrugazdravidan.com\/wp-content\/uploads\/2024\/07\/280726595_534050964976992_968983599806805793_n-768x513.jpg 768w\" sizes=\"auto, (max-width: 960px) 100vw, 960px\" \/><\/figure><\/li><li class=\"wp-block-jetpack-slideshow_slide swiper-slide\"><figure><img loading=\"lazy\" decoding=\"async\" width=\"1024\" height=\"681\" alt=\"\" class=\"wp-block-jetpack-slideshow_image wp-image-287\" data-id=\"287\" src=\"https:\/\/udrugazdravidan.com\/wp-content\/uploads\/2024\/12\/Screenshot_20241031_143301_Facebook-1024x681.jpg\" srcset=\"https:\/\/udrugazdravidan.com\/wp-content\/uploads\/2024\/12\/Screenshot_20241031_143301_Facebook-1024x681.jpg 1024w, https:\/\/udrugazdravidan.com\/wp-content\/uploads\/2024\/12\/Screenshot_20241031_143301_Facebook-300x199.jpg 300w, https:\/\/udrugazdravidan.com\/wp-content\/uploads\/2024\/12\/Screenshot_20241031_143301_Facebook-768x511.jpg 768w, https:\/\/udrugazdravidan.com\/wp-content\/uploads\/2024\/12\/Screenshot_20241031_143301_Facebook-1536x1021.jpg 1536w, https:\/\/udrugazdravidan.com\/wp-content\/uploads\/2024\/12\/Screenshot_20241031_143301_Facebook-2048x1362.jpg 2048w\" sizes=\"auto, (max-width: 1024px) 100vw, 1024px\" \/><\/figure><\/li><li class=\"wp-block-jetpack-slideshow_slide swiper-slide\"><figure><img loading=\"lazy\" decoding=\"async\" width=\"1024\" height=\"817\" alt=\"\" class=\"wp-block-jetpack-slideshow_image wp-image-283\" data-id=\"283\" src=\"https:\/\/udrugazdravidan.com\/wp-content\/uploads\/2024\/12\/IMG-20231115-WA0022-1024x817.jpg\" srcset=\"https:\/\/udrugazdravidan.com\/wp-content\/uploads\/2024\/12\/IMG-20231115-WA0022-1024x817.jpg 1024w, https:\/\/udrugazdravidan.com\/wp-content\/uploads\/2024\/12\/IMG-20231115-WA0022-300x239.jpg 300w, https:\/\/udrugazdravidan.com\/wp-content\/uploads\/2024\/12\/IMG-20231115-WA0022-768x613.jpg 768w, https:\/\/udrugazdravidan.com\/wp-content\/uploads\/2024\/12\/IMG-20231115-WA0022.jpg 1530w\" sizes=\"auto, (max-width: 1024px) 100vw, 1024px\" \/><\/figure><\/li><li class=\"wp-block-jetpack-slideshow_slide swiper-slide\"><figure><img loading=\"lazy\" decoding=\"async\" width=\"768\" height=\"1024\" alt=\"\" class=\"wp-block-jetpack-slideshow_image wp-image-380\" data-id=\"380\" src=\"https:\/\/udrugazdravidan.com\/wp-content\/uploads\/2025\/04\/IMG-20250209-WA0120.jpg\" srcset=\"https:\/\/udrugazdravidan.com\/wp-content\/uploads\/2025\/04\/IMG-20250209-WA0120.jpg 768w, https:\/\/udrugazdravidan.com\/wp-content\/uploads\/2025\/04\/IMG-20250209-WA0120-225x300.jpg 225w\" sizes=\"auto, (max-width: 768px) 100vw, 768px\" \/><\/figure><\/li><\/ul><a class=\"wp-block-jetpack-slideshow_button-prev swiper-button-prev swiper-button-white\" role=\"button\"><\/a><a class=\"wp-block-jetpack-slideshow_button-next swiper-button-next swiper-button-white\" role=\"button\"><\/a><a aria-label=\"Pause Slideshow\" class=\"wp-block-jetpack-slideshow_button-pause\" role=\"button\"><\/a><div class=\"wp-block-jetpack-slideshow_pagination swiper-pagination swiper-pagination-white\"><\/div><\/div><\/div>\n\n\n\n<h2 class=\"wp-block-heading\">\u201eMala \u0161kola zdravih navika\u201c<\/h2>\n\n\n\n<p>Projekt je namijenjen svim dobnim skupinama, a sastoji od edukativnih radionica, manifestacija i sli\u010dnih aktivnosti \u010diji je <strong>cilj promicanje zdravih \u017eivotnih navika.<\/strong><\/p>\n\n\n\n<p>Posebno je prepoznata manifestacija \u201eSvaki dan, zdravi dan\u201c, koja se organizira svake godine i namijenjena je svim dobnim skupinama.<\/p>\n\n\n\n<div class=\"wp-block-jetpack-slideshow aligncenter\" data-effect=\"slide\"><div class=\"wp-block-jetpack-slideshow_container swiper-container\"><ul class=\"wp-block-jetpack-slideshow_swiper-wrapper swiper-wrapper\"><li class=\"wp-block-jetpack-slideshow_slide swiper-slide\"><figure><img loading=\"lazy\" decoding=\"async\" width=\"1024\" height=\"904\" alt=\"\" class=\"wp-block-jetpack-slideshow_image wp-image-272\" data-id=\"272\" src=\"https:\/\/udrugazdravidan.com\/wp-content\/uploads\/2024\/12\/Screenshot_20241217_100627_Facebook-1024x904.jpg\" srcset=\"https:\/\/udrugazdravidan.com\/wp-content\/uploads\/2024\/12\/Screenshot_20241217_100627_Facebook-1024x904.jpg 1024w, https:\/\/udrugazdravidan.com\/wp-content\/uploads\/2024\/12\/Screenshot_20241217_100627_Facebook-300x265.jpg 300w, https:\/\/udrugazdravidan.com\/wp-content\/uploads\/2024\/12\/Screenshot_20241217_100627_Facebook-768x678.jpg 768w, https:\/\/udrugazdravidan.com\/wp-content\/uploads\/2024\/12\/Screenshot_20241217_100627_Facebook-1536x1356.jpg 1536w, https:\/\/udrugazdravidan.com\/wp-content\/uploads\/2024\/12\/Screenshot_20241217_100627_Facebook-2048x1808.jpg 2048w\" sizes=\"auto, (max-width: 1024px) 100vw, 1024px\" \/><\/figure><\/li><li class=\"wp-block-jetpack-slideshow_slide swiper-slide\"><figure><img loading=\"lazy\" decoding=\"async\" width=\"1024\" height=\"683\" alt=\"\" class=\"wp-block-jetpack-slideshow_image wp-image-348\" data-id=\"348\" src=\"https:\/\/udrugazdravidan.com\/wp-content\/uploads\/2024\/12\/IMG-20240615-WA00062-1024x683.jpg\" srcset=\"https:\/\/udrugazdravidan.com\/wp-content\/uploads\/2024\/12\/IMG-20240615-WA00062-1024x683.jpg 1024w, https:\/\/udrugazdravidan.com\/wp-content\/uploads\/2024\/12\/IMG-20240615-WA00062-300x200.jpg 300w, https:\/\/udrugazdravidan.com\/wp-content\/uploads\/2024\/12\/IMG-20240615-WA00062-768x512.jpg 768w, https:\/\/udrugazdravidan.com\/wp-content\/uploads\/2024\/12\/IMG-20240615-WA00062.jpg 1432w\" sizes=\"auto, (max-width: 1024px) 100vw, 1024px\" \/><\/figure><\/li><li class=\"wp-block-jetpack-slideshow_slide swiper-slide\"><figure><img loading=\"lazy\" decoding=\"async\" width=\"1024\" height=\"682\" alt=\"\" class=\"wp-block-jetpack-slideshow_image wp-image-49\" data-id=\"49\" src=\"https:\/\/udrugazdravidan.com\/wp-content\/uploads\/2024\/07\/WhatsApp-Image-2024-07-02-at-10.37.43-2-1024x682.jpeg\" srcset=\"https:\/\/udrugazdravidan.com\/wp-content\/uploads\/2024\/07\/WhatsApp-Image-2024-07-02-at-10.37.43-2-1024x682.jpeg 1024w, https:\/\/udrugazdravidan.com\/wp-content\/uploads\/2024\/07\/WhatsApp-Image-2024-07-02-at-10.37.43-2-300x200.jpeg 300w, https:\/\/udrugazdravidan.com\/wp-content\/uploads\/2024\/07\/WhatsApp-Image-2024-07-02-at-10.37.43-2.jpeg 1600w\" sizes=\"auto, (max-width: 1024px) 100vw, 1024px\" \/><\/figure><\/li><li class=\"wp-block-jetpack-slideshow_slide swiper-slide\"><figure><img loading=\"lazy\" decoding=\"async\" width=\"1024\" height=\"1024\" alt=\"\" class=\"wp-block-jetpack-slideshow_image wp-image-286\" data-id=\"286\" src=\"https:\/\/udrugazdravidan.com\/wp-content\/uploads\/2024\/12\/FB_IMG_17301954396321-1024x1024.jpg\" srcset=\"https:\/\/udrugazdravidan.com\/wp-content\/uploads\/2024\/12\/FB_IMG_17301954396321-1024x1024.jpg 1024w, https:\/\/udrugazdravidan.com\/wp-content\/uploads\/2024\/12\/FB_IMG_17301954396321-300x300.jpg 300w, https:\/\/udrugazdravidan.com\/wp-content\/uploads\/2024\/12\/FB_IMG_17301954396321-150x150.jpg 150w, https:\/\/udrugazdravidan.com\/wp-content\/uploads\/2024\/12\/FB_IMG_17301954396321-768x768.jpg 768w, https:\/\/udrugazdravidan.com\/wp-content\/uploads\/2024\/12\/FB_IMG_17301954396321.jpg 1080w\" sizes=\"auto, (max-width: 1024px) 100vw, 1024px\" \/><\/figure><\/li><li class=\"wp-block-jetpack-slideshow_slide swiper-slide\"><figure><img loading=\"lazy\" decoding=\"async\" width=\"1024\" height=\"768\" alt=\"\" class=\"wp-block-jetpack-slideshow_image wp-image-284\" data-id=\"284\" src=\"https:\/\/udrugazdravidan.com\/wp-content\/uploads\/2024\/12\/IMG-20240911-WA00191-1024x768.jpg\" srcset=\"https:\/\/udrugazdravidan.com\/wp-content\/uploads\/2024\/12\/IMG-20240911-WA00191-1024x768.jpg 1024w, https:\/\/udrugazdravidan.com\/wp-content\/uploads\/2024\/12\/IMG-20240911-WA00191-300x225.jpg 300w, https:\/\/udrugazdravidan.com\/wp-content\/uploads\/2024\/12\/IMG-20240911-WA00191-768x576.jpg 768w, https:\/\/udrugazdravidan.com\/wp-content\/uploads\/2024\/12\/IMG-20240911-WA00191-1536x1152.jpg 1536w, https:\/\/udrugazdravidan.com\/wp-content\/uploads\/2024\/12\/IMG-20240911-WA00191.jpg 1600w\" sizes=\"auto, (max-width: 1024px) 100vw, 1024px\" \/><\/figure><\/li><\/ul><a class=\"wp-block-jetpack-slideshow_button-prev swiper-button-prev swiper-button-white\" role=\"button\"><\/a><a class=\"wp-block-jetpack-slideshow_button-next swiper-button-next swiper-button-white\" role=\"button\"><\/a><a aria-label=\"Pause Slideshow\" class=\"wp-block-jetpack-slideshow_button-pause\" role=\"button\"><\/a><div class=\"wp-block-jetpack-slideshow_pagination swiper-pagination swiper-pagination-white\"><\/div><\/div><\/div>\n\n\n\n<p><\/p>\n\n\n\n<h2 class=\"wp-block-heading\">\u201eSvatko mo\u017ee spasiti jedan \u017eivot\u201c<\/h2>\n\n\n\n<p>Hvalevrijedan projekt lije\u010dnika Udruge \u010diji je cilj educirati gra\u0111ane svih dobnih skupina o lai\u010dkoj reanimaciji druge osobe sa sr\u010danim zastojem i rukovanju automatskim defibrilatorom (AVD).<\/p>\n\n\n\n<p>Ovim projektom se \u017eeli osvijestiti <strong>va\u017enost iznenadnog sr\u010danog zastoja i va\u017enosti pravovremene reakcije prvih svjedoka<\/strong> koji se zateknu u blizini do dolaska Hitne medicinske pomo\u0107i.<\/p>\n\n\n\n<div class=\"wp-block-jetpack-slideshow aligncenter\" data-effect=\"slide\"><div class=\"wp-block-jetpack-slideshow_container swiper-container\"><ul class=\"wp-block-jetpack-slideshow_swiper-wrapper swiper-wrapper\"><li class=\"wp-block-jetpack-slideshow_slide swiper-slide\"><figure><img loading=\"lazy\" decoding=\"async\" width=\"1024\" height=\"683\" alt=\"\" class=\"wp-block-jetpack-slideshow_image wp-image-40\" data-id=\"40\" src=\"https:\/\/udrugazdravidan.com\/wp-content\/uploads\/2024\/07\/WhatsApp-Image-2024-07-02-at-11.37.02-6-1024x683.jpeg\" srcset=\"https:\/\/udrugazdravidan.com\/wp-content\/uploads\/2024\/07\/WhatsApp-Image-2024-07-02-at-11.37.02-6-1024x683.jpeg 1024w, https:\/\/udrugazdravidan.com\/wp-content\/uploads\/2024\/07\/WhatsApp-Image-2024-07-02-at-11.37.02-6-300x200.jpeg 300w, https:\/\/udrugazdravidan.com\/wp-content\/uploads\/2024\/07\/WhatsApp-Image-2024-07-02-at-11.37.02-6.jpeg 1599w\" sizes=\"auto, (max-width: 1024px) 100vw, 1024px\" \/><\/figure><\/li><li class=\"wp-block-jetpack-slideshow_slide swiper-slide\"><figure><img loading=\"lazy\" decoding=\"async\" width=\"1024\" height=\"683\" alt=\"\" class=\"wp-block-jetpack-slideshow_image wp-image-26\" data-id=\"26\" src=\"https:\/\/udrugazdravidan.com\/wp-content\/uploads\/2024\/07\/WhatsApp-Image-2024-07-02-at-11.37.02-8-1024x683.jpeg\" srcset=\"https:\/\/udrugazdravidan.com\/wp-content\/uploads\/2024\/07\/WhatsApp-Image-2024-07-02-at-11.37.02-8-1024x683.jpeg 1024w, https:\/\/udrugazdravidan.com\/wp-content\/uploads\/2024\/07\/WhatsApp-Image-2024-07-02-at-11.37.02-8-300x200.jpeg 300w, https:\/\/udrugazdravidan.com\/wp-content\/uploads\/2024\/07\/WhatsApp-Image-2024-07-02-at-11.37.02-8.jpeg 1599w\" sizes=\"auto, (max-width: 1024px) 100vw, 1024px\" \/><\/figure><\/li><\/ul><a class=\"wp-block-jetpack-slideshow_button-prev swiper-button-prev swiper-button-white\" role=\"button\"><\/a><a class=\"wp-block-jetpack-slideshow_button-next swiper-button-next swiper-button-white\" role=\"button\"><\/a><a aria-label=\"Pause Slideshow\" class=\"wp-block-jetpack-slideshow_button-pause\" role=\"button\"><\/a><div class=\"wp-block-jetpack-slideshow_pagination swiper-pagination swiper-pagination-white\"><\/div><\/div><\/div>\n\n\n\n<p><strong> <\/strong><\/p>\n\n\n\n<h2 class=\"wp-block-heading\">\u201eAntika u Saloni\u201c<\/h2>\n\n\n\n<p>Manifestacija osmi\u0161ljena u suradnji s Turisti\u010dkom zajednicom grada Solina, koja se svake godine odr\u017eava <strong>u sklopu manifestacije <strong> \u201eAnti\u010dko vjen\u010danje\u201c<\/strong> u Saloni.<\/strong><\/p>\n\n\n\n<p>\u201eAntika u Saloni\u201c je prepoznata na lokalnoj, nacionalnoj i svjetskoj razini. Udruga Zdravi dan i TZ Solin su 2024. godine gostovali u gradu Puli na Danima Antike te na Sveu\u010dili\u0161tu Nicosia na Cipru u okviru me\u0111unarodne konferencije projekta Quest gdje su <strong>predstavili grad Solin<\/strong>, <strong>prezentirali anti\u010dku hranu<\/strong> i odr\u017eali <strong>radionicu s eteri\u010dnim uljima<strong> \u201eMirisovnica\u201c<\/strong>.<\/strong><\/p>\n\n\n\n<div class=\"wp-block-jetpack-slideshow aligncenter\" data-effect=\"slide\"><div class=\"wp-block-jetpack-slideshow_container swiper-container\"><ul class=\"wp-block-jetpack-slideshow_swiper-wrapper swiper-wrapper\"><li class=\"wp-block-jetpack-slideshow_slide swiper-slide\"><figure><img loading=\"lazy\" decoding=\"async\" width=\"2040\" height=\"1530\" alt=\"\" class=\"wp-block-jetpack-slideshow_image wp-image-239\" data-id=\"239\" src=\"https:\/\/udrugazdravidan.com\/wp-content\/uploads\/2024\/10\/IMG-20240601-WA0059.jpg\" srcset=\"https:\/\/udrugazdravidan.com\/wp-content\/uploads\/2024\/10\/IMG-20240601-WA0059.jpg 2040w, https:\/\/udrugazdravidan.com\/wp-content\/uploads\/2024\/10\/IMG-20240601-WA0059-300x225.jpg 300w, https:\/\/udrugazdravidan.com\/wp-content\/uploads\/2024\/10\/IMG-20240601-WA0059-1024x768.jpg 1024w, https:\/\/udrugazdravidan.com\/wp-content\/uploads\/2024\/10\/IMG-20240601-WA0059-768x576.jpg 768w, https:\/\/udrugazdravidan.com\/wp-content\/uploads\/2024\/10\/IMG-20240601-WA0059-1536x1152.jpg 1536w\" sizes=\"auto, (max-width: 2040px) 100vw, 2040px\" \/><\/figure><\/li><li class=\"wp-block-jetpack-slideshow_slide swiper-slide\"><figure><img loading=\"lazy\" decoding=\"async\" width=\"1620\" height=\"1080\" alt=\"\" class=\"wp-block-jetpack-slideshow_image wp-image-242\" data-id=\"242\" src=\"https:\/\/udrugazdravidan.com\/wp-content\/uploads\/2024\/10\/IMG-20240203-WA0020.jpg\" srcset=\"https:\/\/udrugazdravidan.com\/wp-content\/uploads\/2024\/10\/IMG-20240203-WA0020.jpg 1620w, https:\/\/udrugazdravidan.com\/wp-content\/uploads\/2024\/10\/IMG-20240203-WA0020-300x200.jpg 300w, https:\/\/udrugazdravidan.com\/wp-content\/uploads\/2024\/10\/IMG-20240203-WA0020-1024x683.jpg 1024w, https:\/\/udrugazdravidan.com\/wp-content\/uploads\/2024\/10\/IMG-20240203-WA0020-768x512.jpg 768w, https:\/\/udrugazdravidan.com\/wp-content\/uploads\/2024\/10\/IMG-20240203-WA0020-1536x1024.jpg 1536w\" sizes=\"auto, (max-width: 1620px) 100vw, 1620px\" \/><\/figure><\/li><li class=\"wp-block-jetpack-slideshow_slide swiper-slide\"><figure><img loading=\"lazy\" decoding=\"async\" width=\"1080\" height=\"1077\" alt=\"\" class=\"wp-block-jetpack-slideshow_image wp-image-243\" data-id=\"243\" src=\"https:\/\/udrugazdravidan.com\/wp-content\/uploads\/2024\/10\/FB_IMG_1728648951119-1.jpg\" srcset=\"https:\/\/udrugazdravidan.com\/wp-content\/uploads\/2024\/10\/FB_IMG_1728648951119-1.jpg 1080w, https:\/\/udrugazdravidan.com\/wp-content\/uploads\/2024\/10\/FB_IMG_1728648951119-1-300x300.jpg 300w, https:\/\/udrugazdravidan.com\/wp-content\/uploads\/2024\/10\/FB_IMG_1728648951119-1-1024x1021.jpg 1024w, https:\/\/udrugazdravidan.com\/wp-content\/uploads\/2024\/10\/FB_IMG_1728648951119-1-150x150.jpg 150w, https:\/\/udrugazdravidan.com\/wp-content\/uploads\/2024\/10\/FB_IMG_1728648951119-1-768x766.jpg 768w\" sizes=\"auto, (max-width: 1080px) 100vw, 1080px\" \/><\/figure><\/li><\/ul><a class=\"wp-block-jetpack-slideshow_button-prev swiper-button-prev swiper-button-white\" role=\"button\"><\/a><a class=\"wp-block-jetpack-slideshow_button-next swiper-button-next swiper-button-white\" role=\"button\"><\/a><a aria-label=\"Pause Slideshow\" class=\"wp-block-jetpack-slideshow_button-pause\" role=\"button\"><\/a><div class=\"wp-block-jetpack-slideshow_pagination swiper-pagination swiper-pagination-white\"><\/div><\/div><\/div>\n","protected":false},"excerpt":{"rendered":"<p>Javnozdravstvene akcije Udruga redovito organizira javnozdravstvene akcije kojima obilje\u017eava Svjetski dan srca, Svjetski dan \u0161e\u0107erne bolesti, Svjetski dan debljine, Svjetski dan bubrega i Svjetski dan hipertenzije. Cilj je otkrivanje glavnih uzro\u010dnika kroni\u010dnih nezaraznih bolesti, odnosno povi\u0161enih vrijednosti \u0161e\u0107era i kolesterola u krvi, povi\u0161ene vrijednosti arterijskoga tlaka, pove\u0107anog udjela masnog tkiva i abdominalne pretilosti. Udruga je [&hellip;]<\/p>\n","protected":false},"author":1,"featured_media":0,"parent":0,"menu_order":0,"comment_status":"closed","ping_status":"closed","template":"","meta":{"footnotes":""},"class_list":["post-9","page","type-page","status-publish","hentry"],"jetpack_sharing_enabled":true,"_links":{"self":[{"href":"https:\/\/udrugazdravidan.com\/index.php?rest_route=\/wp\/v2\/pages\/9","targetHints":{"allow":["GET"]}}],"collection":[{"href":"https:\/\/udrugazdravidan.com\/index.php?rest_route=\/wp\/v2\/pages"}],"about":[{"href":"https:\/\/udrugazdravidan.com\/index.php?rest_route=\/wp\/v2\/types\/page"}],"author":[{"embeddable":true,"href":"https:\/\/udrugazdravidan.com\/index.php?rest_route=\/wp\/v2\/users\/1"}],"replies":[{"embeddable":true,"href":"https:\/\/udrugazdravidan.com\/index.php?rest_route=%2Fwp%2Fv2%2Fcomments&post=9"}],"version-history":[{"count":37,"href":"https:\/\/udrugazdravidan.com\/index.php?rest_route=\/wp\/v2\/pages\/9\/revisions"}],"predecessor-version":[{"id":386,"href":"https:\/\/udrugazdravidan.com\/index.php?rest_route=\/wp\/v2\/pages\/9\/revisions\/386"}],"wp:attachment":[{"href":"https:\/\/udrugazdravidan.com\/index.php?rest_route=%2Fwp%2Fv2%2Fmedia&parent=9"}],"curies":[{"name":"wp","href":"https:\/\/api.w.org\/{rel}","templated":true}]}}