{"id":159,"date":"2024-07-16T10:24:16","date_gmt":"2024-07-16T08:24:16","guid":{"rendered":"https:\/\/udrugazdravidan.com\/?page_id=159"},"modified":"2025-04-28T09:05:42","modified_gmt":"2025-04-28T07:05:42","slug":"savjetovaliste","status":"publish","type":"page","link":"https:\/\/udrugazdravidan.com\/?page_id=159","title":{"rendered":"Savjetovali\u0161te za kroni\u010dne nezarazne bolesti"},"content":{"rendered":"\n<div class=\"wp-block-group alignfull has-contrast-light-background-color has-background has-global-padding is-layout-constrained wp-container-core-group-is-layout-8d3af6a3 wp-block-group-is-layout-constrained\" style=\"margin-top:0;margin-bottom:0;padding-top:var(--wp--preset--spacing--superbspacing-xsmall);padding-right:var(--wp--preset--spacing--superbspacing-small);padding-bottom:var(--wp--preset--spacing--superbspacing-xsmall);padding-left:var(--wp--preset--spacing--superbspacing-small)\">\n<div class=\"wp-block-group alignwide has-global-padding is-layout-constrained wp-container-core-group-is-layout-edbb8dc7 wp-block-group-is-layout-constrained\">\n<p>Kroni\u010dne nezarazne bolesti predstavljaju <strong>vode\u0107i javnozdravstveni problem<\/strong> u svim razvijenim zemljama svijeta. Njihovoj sve ve\u0107oj u\u010destalosti pridonosi starenje te moderan na\u010din \u017eivota s urbanizacijom, industrijalizacijom i \u0161tetnim \u017eivotnim navikama.<\/p>\n\n\n\n<p>Sve smjernice za lije\u010denje kroni\u010dnih nezaraznih bolesti <strong>u prvom planu isti\u010du promjenu \u017eivotnih navika<\/strong>, stoga osobe kojima su novodijagnosticirane kroni\u010dne nezarazne bolesti \u010desto imaju niz pitanja za koje nekad nemaju dovoljno vremena ni bolni\u010dki specijalisti ni lije\u010dnici obiteljske medicine, a podaci s interneta su \u010desto nepouzdani i krivo protuma\u010deni.<\/p>\n\n\n\n<p>Potaknuti navedenim \u010dinjenicama <strong>Udruga Zdravi dan je uz potporu Doma zdravlja Splitsko-dalmatinske \u017eupanije pokrenula Savjetovali\u0161te za kroni\u010dne nezarazne bolesti <\/strong>kojeg \u010dini multidisciplinarni tim lije\u010dnika, ljekarnika, nutricionista, kineziologa, fizioterapeuta i psihologa.<\/p>\n\n\n\n<p>Cilj Savjetovali\u0161ta je <strong>nau\u010diti osobe oboljele od kroni\u010dnih nezaraznih bolesti o zdravim \u017eivotnim navikama<\/strong> te im pru\u017eiti odgovore na pitanja vezana za njihovo stanje.<\/p>\n\n\n\n<p><\/p>\n\n\n\n<div style=\"height:30px\" aria-hidden=\"true\" class=\"wp-block-spacer\"><\/div>\n\n\n\n<h2 class=\"wp-block-heading\">Raspored rada Savjetovali\u0161ta<\/h2>\n\n\n\n<p>Savjetovali\u0161te za kroni\u010dne nezarazne bolesti otvoreno je u <strong>gradovima Solin, Trogir, Sinj.<\/strong><\/p>\n\n\n\n<p><strong>Za upis termina <\/strong>potrebno se obratiti <strong>lije\u010dniku obiteljske medicine ili patrona\u017enoj sestri Doma zdravlja.<\/strong><\/p>\n<\/div>\n<\/div>\n\n\n\n<div class=\"wp-block-columns is-layout-flex wp-container-core-columns-is-layout-28f84493 wp-block-columns-is-layout-flex\">\n<div class=\"wp-block-column is-layout-flow wp-block-column-is-layout-flow\" style=\"flex-basis:100%\">\n<figure class=\"wp-block-embed is-type-wp-embed is-provider-grad-solin wp-block-embed-grad-solin wp-embed-aspect-16-9 wp-has-aspect-ratio\" style=\"margin-top:0;margin-right:0;margin-bottom:0;margin-left:0\"><div class=\"wp-block-embed__wrapper\">\n<blockquote class=\"wp-embedded-content\" data-secret=\"E2N1xrq7cw\"><a href=\"https:\/\/www.solin.hr\/novosti\/predstavljeno-savjetovaliste-za-kronicne-nezarazne-bolesti-udruge-zdravi-dan\/\">Predstavljeno Savjetovali\u0161te za kroni\u010dne nezarazne bolesti Udruge Zdravi dan<\/a><\/blockquote><iframe loading=\"lazy\" class=\"wp-embedded-content\" sandbox=\"allow-scripts\" security=\"restricted\" style=\"position: absolute; visibility: hidden;\" title=\"&#8220;Predstavljeno Savjetovali\u0161te za kroni\u010dne nezarazne bolesti Udruge Zdravi dan&#8221; &#8212; Grad Solin\" src=\"https:\/\/www.solin.hr\/novosti\/predstavljeno-savjetovaliste-za-kronicne-nezarazne-bolesti-udruge-zdravi-dan\/embed\/#?secret=E2N1xrq7cw\" data-secret=\"E2N1xrq7cw\" width=\"500\" height=\"282\" frameborder=\"0\" marginwidth=\"0\" marginheight=\"0\" scrolling=\"no\"><\/iframe>\n<\/div><\/figure>\n<\/div>\n<\/div>\n","protected":false},"excerpt":{"rendered":"<p>Kroni\u010dne nezarazne bolesti predstavljaju vode\u0107i javnozdravstveni problem u svim razvijenim zemljama svijeta. Njihovoj sve ve\u0107oj u\u010destalosti pridonosi starenje te moderan na\u010din \u017eivota s urbanizacijom, industrijalizacijom i \u0161tetnim \u017eivotnim navikama. Sve smjernice za lije\u010denje kroni\u010dnih nezaraznih bolesti u prvom planu isti\u010du promjenu \u017eivotnih navika, stoga osobe kojima su novodijagnosticirane kroni\u010dne nezarazne bolesti \u010desto imaju niz pitanja [&hellip;]<\/p>\n","protected":false},"author":1,"featured_media":160,"parent":0,"menu_order":0,"comment_status":"closed","ping_status":"closed","template":"","meta":{"footnotes":""},"class_list":["post-159","page","type-page","status-publish","has-post-thumbnail","hentry"],"jetpack_sharing_enabled":true,"_links":{"self":[{"href":"https:\/\/udrugazdravidan.com\/index.php?rest_route=\/wp\/v2\/pages\/159","targetHints":{"allow":["GET"]}}],"collection":[{"href":"https:\/\/udrugazdravidan.com\/index.php?rest_route=\/wp\/v2\/pages"}],"about":[{"href":"https:\/\/udrugazdravidan.com\/index.php?rest_route=\/wp\/v2\/types\/page"}],"author":[{"embeddable":true,"href":"https:\/\/udrugazdravidan.com\/index.php?rest_route=\/wp\/v2\/users\/1"}],"replies":[{"embeddable":true,"href":"https:\/\/udrugazdravidan.com\/index.php?rest_route=%2Fwp%2Fv2%2Fcomments&post=159"}],"version-history":[{"count":18,"href":"https:\/\/udrugazdravidan.com\/index.php?rest_route=\/wp\/v2\/pages\/159\/revisions"}],"predecessor-version":[{"id":377,"href":"https:\/\/udrugazdravidan.com\/index.php?rest_route=\/wp\/v2\/pages\/159\/revisions\/377"}],"wp:featuredmedia":[{"embeddable":true,"href":"https:\/\/udrugazdravidan.com\/index.php?rest_route=\/wp\/v2\/media\/160"}],"wp:attachment":[{"href":"https:\/\/udrugazdravidan.com\/index.php?rest_route=%2Fwp%2Fv2%2Fmedia&parent=159"}],"curies":[{"name":"wp","href":"https:\/\/api.w.org\/{rel}","templated":true}]}}