{"id":148,"date":"2024-07-14T15:49:02","date_gmt":"2024-07-14T13:49:02","guid":{"rendered":"https:\/\/udrugazdravidan.com\/?page_id=148"},"modified":"2024-12-17T10:12:10","modified_gmt":"2024-12-17T09:12:10","slug":"bez-naslova","status":"publish","type":"page","link":"https:\/\/udrugazdravidan.com\/?page_id=148","title":{"rendered":"Grupni treninzi"},"content":{"rendered":"\n<div class=\"wp-block-group alignfull has-contrast-light-background-color has-background has-global-padding is-layout-constrained wp-container-core-group-is-layout-b7d90ddb wp-block-group-is-layout-constrained\" style=\"margin-top:0;margin-bottom:0;padding-top:var(--wp--preset--spacing--superbspacing-xxlarge);padding-right:var(--wp--preset--spacing--superbspacing-small);padding-bottom:var(--wp--preset--spacing--superbspacing-xxlarge);padding-left:var(--wp--preset--spacing--superbspacing-small)\">\n<div class=\"wp-block-group alignwide has-global-padding is-layout-constrained wp-container-core-group-is-layout-edbb8dc7 wp-block-group-is-layout-constrained\">\n<h2 class=\"wp-block-heading has-text-align-center has-contrast-color has-text-color has-superbfont-xlarge-font-size\">Pridru\u017eite nam se!<\/h2>\n\n\n\n<p><\/p>\n\n\n\n<div class=\"wp-block-jetpack-slideshow aligncenter\" data-effect=\"slide\"><div class=\"wp-block-jetpack-slideshow_container swiper-container\"><ul class=\"wp-block-jetpack-slideshow_swiper-wrapper swiper-wrapper\"><li class=\"wp-block-jetpack-slideshow_slide swiper-slide\"><figure><img loading=\"lazy\" decoding=\"async\" width=\"1024\" height=\"348\" alt=\"\" class=\"wp-block-jetpack-slideshow_image wp-image-149\" data-id=\"149\" src=\"https:\/\/udrugazdravidan.com\/wp-content\/uploads\/2024\/07\/401580904_739955328154582_1863721722758881636_n-1-e1720961503288-1024x348.jpg\" srcset=\"https:\/\/udrugazdravidan.com\/wp-content\/uploads\/2024\/07\/401580904_739955328154582_1863721722758881636_n-1-e1720961503288-1024x348.jpg 1024w, https:\/\/udrugazdravidan.com\/wp-content\/uploads\/2024\/07\/401580904_739955328154582_1863721722758881636_n-1-e1720961503288-300x102.jpg 300w, https:\/\/udrugazdravidan.com\/wp-content\/uploads\/2024\/07\/401580904_739955328154582_1863721722758881636_n-1-e1720961503288-768x261.jpg 768w, https:\/\/udrugazdravidan.com\/wp-content\/uploads\/2024\/07\/401580904_739955328154582_1863721722758881636_n-1-e1720961503288-1536x522.jpg 1536w, https:\/\/udrugazdravidan.com\/wp-content\/uploads\/2024\/07\/401580904_739955328154582_1863721722758881636_n-1-e1720961503288.jpg 2040w\" sizes=\"auto, (max-width: 1024px) 100vw, 1024px\" \/><\/figure><\/li><\/ul><a class=\"wp-block-jetpack-slideshow_button-prev swiper-button-prev swiper-button-white\" role=\"button\"><\/a><a class=\"wp-block-jetpack-slideshow_button-next swiper-button-next swiper-button-white\" role=\"button\"><\/a><a aria-label=\"Pause Slideshow\" class=\"wp-block-jetpack-slideshow_button-pause\" role=\"button\"><\/a><div class=\"wp-block-jetpack-slideshow_pagination swiper-pagination swiper-pagination-white\"><\/div><\/div><\/div>\n\n\n\n<p class=\"has-text-align-center\"><strong>MEDICINSKA GIMNASTIKA<\/strong><\/p>\n\n\n\n<p class=\"has-text-align-center\"><strong>FUNKCIONALNI TRENING<\/strong><\/p>\n\n\n\n<p class=\"has-text-align-center\"><strong>TOTAL BODY<\/strong><\/p>\n\n\n\n<p><\/p>\n\n\n\n<p class=\"has-text-align-center\">Za vi\u0161e informacije o slobodnim terminima i lokaciji javite nam se na slu\u017ebeni mail: <strong>udrugazdravidan@gmail.com<\/strong> ili na dru\u0161tvenim mre\u017eama <strong>Facebook i Instagram.<\/strong><\/p>\n\n\n\n<p class=\"has-text-align-center\">Na\u0161i kineziolozi i fizioterapeuti Vas \u010dekaju u dvorani!<\/p>\n<\/div>\n<\/div>\n","protected":false},"excerpt":{"rendered":"<p>Pridru\u017eite nam se! MEDICINSKA GIMNASTIKA FUNKCIONALNI TRENING TOTAL BODY Za vi\u0161e informacije o slobodnim terminima i lokaciji javite nam se na slu\u017ebeni mail: udrugazdravidan@gmail.com ili na dru\u0161tvenim mre\u017eama Facebook i Instagram. Na\u0161i kineziolozi i fizioterapeuti Vas \u010dekaju u dvorani!<\/p>\n","protected":false},"author":1,"featured_media":0,"parent":0,"menu_order":0,"comment_status":"closed","ping_status":"closed","template":"","meta":{"footnotes":""},"class_list":["post-148","page","type-page","status-publish","hentry"],"jetpack_sharing_enabled":true,"_links":{"self":[{"href":"https:\/\/udrugazdravidan.com\/index.php?rest_route=\/wp\/v2\/pages\/148","targetHints":{"allow":["GET"]}}],"collection":[{"href":"https:\/\/udrugazdravidan.com\/index.php?rest_route=\/wp\/v2\/pages"}],"about":[{"href":"https:\/\/udrugazdravidan.com\/index.php?rest_route=\/wp\/v2\/types\/page"}],"author":[{"embeddable":true,"href":"https:\/\/udrugazdravidan.com\/index.php?rest_route=\/wp\/v2\/users\/1"}],"replies":[{"embeddable":true,"href":"https:\/\/udrugazdravidan.com\/index.php?rest_route=%2Fwp%2Fv2%2Fcomments&post=148"}],"version-history":[{"count":7,"href":"https:\/\/udrugazdravidan.com\/index.php?rest_route=\/wp\/v2\/pages\/148\/revisions"}],"predecessor-version":[{"id":275,"href":"https:\/\/udrugazdravidan.com\/index.php?rest_route=\/wp\/v2\/pages\/148\/revisions\/275"}],"wp:attachment":[{"href":"https:\/\/udrugazdravidan.com\/index.php?rest_route=%2Fwp%2Fv2%2Fmedia&parent=148"}],"curies":[{"name":"wp","href":"https:\/\/api.w.org\/{rel}","templated":true}]}}